{"id":213,"date":"2021-01-18T12:48:45","date_gmt":"2021-01-18T11:48:45","guid":{"rendered":"http:\/\/litprodukcija.com\/?page_id=213"},"modified":"2023-09-12T14:46:28","modified_gmt":"2023-09-12T12:46:28","slug":"upitnik","status":"publish","type":"page","link":"https:\/\/litprodukcija.com\/en\/upitnik\/","title":{"rendered":"Kontakt-upitnik"},"content":{"rendered":"<div class=\"wp-block-columns is-layout-flex wp-container-core-columns-is-layout-9d6595d7 wp-block-columns-is-layout-flex\">\n<div class=\"wp-block-column is-layout-flow wp-block-column-is-layout-flow\">\n\n\n\n\n\n\n\n\n\n\n\n\n\n\n\n<h4 class=\"wp-block-heading\">Vrsta doga\u0111aja<\/h4>\n\n\n\n\n\n\n\n<h4 class=\"wp-block-heading has-text-align-left\" id=\"oznacite-usluge-koje-su-vam-potrebne\">Ozna\u010dite usluge koje su vam potrebne:<\/h4>\n\n\n\n\n\n\n\n<h4 class=\"wp-block-heading\" id=\"rasvjeta\">Rasvjeta:<\/h4>\n\n\n\n\n\n<h4 class=\"wp-block-heading\" id=\"zvuk\">Zvuk:<\/h4>\n\n\n\n\n\n<p>Sljede\u0107e stavke se odnose za slu\u010daj da nemate svoje ozvu\u010denje:<\/p>\n\n\n\n\n\n\n\n<h4 class=\"wp-block-heading\">Sve dodatne informacije:<\/h4>\n\n\n\n\n\n<\/div>\n<\/div>\n\n\n\n<p><\/p>","protected":false},"excerpt":{"rendered":"","protected":false},"author":2,"featured_media":0,"parent":0,"menu_order":0,"comment_status":"closed","ping_status":"closed","template":"","meta":{"footnotes":""},"class_list":["post-213","page","type-page","status-publish","hentry"],"_links":{"self":[{"href":"https:\/\/litprodukcija.com\/en\/wp-json\/wp\/v2\/pages\/213","targetHints":{"allow":["GET"]}}],"collection":[{"href":"https:\/\/litprodukcija.com\/en\/wp-json\/wp\/v2\/pages"}],"about":[{"href":"https:\/\/litprodukcija.com\/en\/wp-json\/wp\/v2\/types\/page"}],"author":[{"embeddable":true,"href":"https:\/\/litprodukcija.com\/en\/wp-json\/wp\/v2\/users\/2"}],"replies":[{"embeddable":true,"href":"https:\/\/litprodukcija.com\/en\/wp-json\/wp\/v2\/comments?post=213"}],"version-history":[{"count":4,"href":"https:\/\/litprodukcija.com\/en\/wp-json\/wp\/v2\/pages\/213\/revisions"}],"predecessor-version":[{"id":729,"href":"https:\/\/litprodukcija.com\/en\/wp-json\/wp\/v2\/pages\/213\/revisions\/729"}],"wp:attachment":[{"href":"https:\/\/litprodukcija.com\/en\/wp-json\/wp\/v2\/media?parent=213"}],"curies":[{"name":"wp","href":"https:\/\/api.w.org\/{rel}","templated":true}]}}