{"id":304,"date":"2021-02-13T18:02:01","date_gmt":"2021-02-13T17:02:01","guid":{"rendered":"http:\/\/litprodukcija.com\/?page_id=304"},"modified":"2024-06-27T17:39:02","modified_gmt":"2024-06-27T15:39:02","slug":"usluge","status":"publish","type":"page","link":"https:\/\/litprodukcija.com\/en\/usluge\/","title":{"rendered":"Services"},"content":{"rendered":"<div class=\"wp-block-jetpack-layout-grid alignfull column1-desktop-grid__span-6 column1-desktop-grid__row-1 column2-desktop-grid__span-6 column2-desktop-grid__start-7 column2-desktop-grid__row-1 column1-tablet-grid__span-4 column1-tablet-grid__row-1 column2-tablet-grid__span-4 column2-tablet-grid__start-5 column2-tablet-grid__row-1 column1-mobile-grid__span-4 column1-mobile-grid__row-1 column2-mobile-grid__span-4 column2-mobile-grid__row-2 wp-block-jetpack-layout-gutter__nowrap\">\n<div class=\"wp-block-jetpack-layout-grid-column wp-block-jetpack-layout-grid__padding-none\">\n<figure class=\"wp-block-image size-large\"><img loading=\"lazy\" decoding=\"async\" width=\"1301\" height=\"866\" src=\"http:\/\/litprodukcija.com\/\/wp-content\/uploads\/2021\/08\/whatsapp-image-2021-05-15-at-21.17.34-edited-1.jpeg\" alt=\"\" class=\"wp-image-394\" srcset=\"https:\/\/litprodukcija.com\/wp-content\/uploads\/2021\/08\/whatsapp-image-2021-05-15-at-21.17.34-edited-1.jpeg 1301w, https:\/\/litprodukcija.com\/wp-content\/uploads\/2021\/08\/whatsapp-image-2021-05-15-at-21.17.34-edited-1-300x200.jpeg 300w, https:\/\/litprodukcija.com\/wp-content\/uploads\/2021\/08\/whatsapp-image-2021-05-15-at-21.17.34-edited-1-1024x682.jpeg 1024w, https:\/\/litprodukcija.com\/wp-content\/uploads\/2021\/08\/whatsapp-image-2021-05-15-at-21.17.34-edited-1-768x511.jpeg 768w\" sizes=\"auto, (max-width: 1301px) 100vw, 1301px\" \/><\/figure>\n\n\n\n<h4 class=\"wp-block-heading\" id=\"live-streaming\">Live streaming<\/h4>\n\n\n\n<p>We can record and\/or stream with multiple cameras to any streaming platform or app, or multiple platforms simultaneously. The recording of your event will also be available immediately after the event so you can edit short segments for social media.<\/p>\n\n\n\n<h4 class=\"wp-block-heading\" id=\"organizacija-online-konferencija\">Technical production of hybrid conferences<\/h4>\n\n\n\n<p>We are experienced in technical production of complex hybrid events with <strong>language interpretation<\/strong> and <strong>multilingual live streams<\/strong>, including <strong>sign languages<\/strong>. We can bring your meetings and conferences to the next level.<\/p>\n\n\n\n<h4 class=\"wp-block-heading\">Projection and IMAG management<\/h4>\n\n\n\n<p>Alongside of multi-camera live stream direction, we also manage all the visuals, presentations and other multimedia. We can also enlarge your speakers and put them on the big screen (IMAG - image magnification), which is good for large venues so your audience can see your speaker better.<\/p>\n<\/div>\n\n\n\n<div class=\"wp-block-jetpack-layout-grid-column wp-block-jetpack-layout-grid__padding-none\">\n<figure class=\"wp-block-image size-large\"><img decoding=\"async\" src=\"http:\/\/litprodukcija.com\/\/wp-content\/uploads\/2021\/09\/img_20210210_211405-edited-3-1.jpg\" alt=\"\" class=\"wp-image-458\"\/><\/figure>\n\n\n\n<h4 class=\"wp-block-heading\" id=\"tonsko-snimanje\">Sound amplification (PA) and recording<\/h4>\n\n\n\n<p>We can offer you a PA system (sound amplification) and even create different audio mixes, for the venue, for the live stream and for different language channels.<\/p>\n\n\n\n<h4 class=\"wp-block-heading\" id=\"fotografiranje\">Lighting<\/h4>\n\n\n\n<p>We offer basic stage lighting. Proper lighting is crucial for good picture quality, it focuses your audience's attention to your speakers and creates ambience.<\/p>\n\n\n\n<h4 class=\"wp-block-heading\">Photography<\/h4>\n\n\n\n<p>Our profesional photographers will capture all the important moments and make the photos adequate size and quality for easy publishing on the social media.<\/p>\n\n\n\n<h4 class=\"wp-block-heading\">Music and theatrical events<\/h4>\n\n\n\n<p>We are experienced in recording and live streaming concerts and theatre plays.<\/p>\n<\/div>\n<\/div>\n\n\n\n<div class=\"wp-block-jetpack-layout-grid alignfull column1-desktop-grid__span-6 column1-desktop-grid__row-1 column2-desktop-grid__span-6 column2-desktop-grid__start-7 column2-desktop-grid__row-1 column1-tablet-grid__span-4 column1-tablet-grid__row-1 column2-tablet-grid__span-4 column2-tablet-grid__start-5 column2-tablet-grid__row-1 column1-mobile-grid__span-4 column1-mobile-grid__row-1 column2-mobile-grid__span-4 column2-mobile-grid__row-2 wp-block-jetpack-layout-gutter__nowrap\">\n<div class=\"wp-block-jetpack-layout-grid-column wp-block-jetpack-layout-grid__padding-none\">\n<h4 class=\"wp-block-heading\">Remote production (REMI)<\/h4>\n\n\n\n<p>Remote integration model, also known as REMI and at-home production, is a method of live production for television broadcasts and video distribution that transmits live feeds to a single centralized production facility or workflow for integration into a finished feed, which is then distributed to broadcasters.  (source: wikipedia)\nThis model of production combines streaming from remote locations and managing the visual mixing at a central location. We can send you a package that includes all the necessary equipment that you can set up at a remote location (we guide you through the process). After the set-up, we can do the rest from our central location.<\/p>\n<\/div>\n\n\n\n<div class=\"wp-block-jetpack-layout-grid-column wp-block-jetpack-layout-grid__padding-none\">\n<h4 class=\"wp-block-heading\">Budget-friendly<\/h4>\n\n\n\n<p>We focus on quality production, but we are ready to adjust the production level to your budget. Maybe it'll be a more modest production, maybe you can help out with the logistics, but we'll try to make the best with the budget we have.<\/p>\n<\/div>\n<\/div>\n\n\n<div class=\"wp-block-image is-style-default\">\n<figure class=\"aligncenter size-large\"><img loading=\"lazy\" decoding=\"async\" width=\"1024\" height=\"768\" src=\"http:\/\/litprodukcija.com\/wp-content\/uploads\/2023\/09\/lit-dijagram-v2-1024x768.png\" alt=\"\" class=\"wp-image-711\" style=\"object-fit:cover\" srcset=\"https:\/\/litprodukcija.com\/wp-content\/uploads\/2023\/09\/lit-dijagram-v2-1024x768.png 1024w, https:\/\/litprodukcija.com\/wp-content\/uploads\/2023\/09\/lit-dijagram-v2-300x225.png 300w, https:\/\/litprodukcija.com\/wp-content\/uploads\/2023\/09\/lit-dijagram-v2-768x576.png 768w, https:\/\/litprodukcija.com\/wp-content\/uploads\/2023\/09\/lit-dijagram-v2-700x525.png 700w, https:\/\/litprodukcija.com\/wp-content\/uploads\/2023\/09\/lit-dijagram-v2-533x400.png 533w, https:\/\/litprodukcija.com\/wp-content\/uploads\/2023\/09\/lit-dijagram-v2.png 1440w\" sizes=\"auto, (max-width: 1024px) 100vw, 1024px\" \/><figcaption class=\"wp-element-caption\">Example of a solution for a small hybrid event<\/figcaption><\/figure>\n<\/div>\n\n\n<h2 class=\"wp-block-heading has-black-color has-text-color\">Virtual event, hybrid event, live stream...???<\/h2>\n\n\n\n<p>What's the difference between a virtual event, hybrid event and a live stream?<\/p>\n\n\n\n<div class=\"wp-block-columns is-layout-flex wp-container-core-columns-is-layout-9d6595d7 wp-block-columns-is-layout-flex\">\n<div class=\"wp-block-column is-layout-flow wp-block-column-is-layout-flow\">\n<h4 class=\"wp-block-heading\">Live stream<\/h4>\n\n\n\n<p>Trasmitting the video and sound from a venue to Youtube, Facebook or any other platform. Online viewers can ask questions via chat, but cannot participate directly.<\/p>\n<\/div>\n\n\n\n<div class=\"wp-block-column is-layout-flow wp-block-column-is-layout-flow\">\n<h4 class=\"wp-block-heading\">Hybrid event<\/h4>\n\n\n\n<p>The venue audience and online audience can participate in discussions, asking questions directly via camera. Communication is direct, simultaneous and both-sided. All the participants can see and hear each other.<\/p>\n<\/div>\n\n\n\n<div class=\"wp-block-column is-layout-flow wp-block-column-is-layout-flow\">\n<h4 class=\"wp-block-heading\">Virtual event<\/h4>\n\n\n\n<p>All the participants are online. We offer technical support in the sense of virtual room management, scheduling, visual and presentation management, screen sharing and resolving any technical issues (assisting your participants remotely).<\/p>\n<\/div>\n<\/div>\n\n\n\n<h3 class=\"wp-block-heading\">What is important in hybrid event production?<\/h3>\n\n\n\n<p>The concept of hybrid participation implies that the participants at the venue and the online participants both have a similar experience. Hybrid events <strong>are NOT just live streams.<\/strong>. With hybrid events, the online participants can also <strong>give presentations<\/strong>, <strong>participate in discussions and ask questions<\/strong>. The hybrid event production must consider all the aspects - what does the audience at the venue see and hear? What do the online participants see and hear? Is the picture and sound quality good? Is it hard to see or hear?<\/p>\n\n\n\n<div style=\"height:56px\" aria-hidden=\"true\" class=\"wp-block-spacer\"><\/div>\n\n\n\n<div class=\"wp-block-columns is-layout-flex wp-container-core-columns-is-layout-9d6595d7 wp-block-columns-is-layout-flex\">\n<div class=\"wp-block-column is-layout-flow wp-block-column-is-layout-flow\">\n<h3 class=\"wp-block-heading\">How to improve the sound quality?<\/h3>\n\n\n\n<p>Use handheld microphones or lavaliers. Hold the handheld microphones steady and very close to your mouth. We can always turn the sound down, but we can't turn it up if your microphone is too far because we'll get feedback.<\/p>\n\n\n\n<p>Bare in mind that if you can't hear your voice on the PA, it also cannot be heard by the online audience.<\/p>\n\n\n\n<p>It is important to setup a \"mix minus\" with the conferencing apps, to avoid any echos (hearing yourself with delay), which can be very confusing and distracting.<\/p>\n<\/div>\n\n\n\n<div class=\"wp-block-column is-layout-flow wp-block-column-is-layout-flow\">\n<h3 class=\"wp-block-heading\">How to improve the picture quality?<\/h3>\n\n\n\n<p>Other than using professional cameras, it's important to have a lot of light from the front (and avoid any strong backlight). Artificial lighting such as fluorescent tubes or bad quality LEDs can render unnatural skin-tone colors and flickering. With our lighting, you're guaranteed to get natural colors.<\/p>\n\n\n\n<p><\/p>\n<\/div>\n<\/div>\n\n\n\n<div class=\"wp-block-columns is-layout-flex wp-container-core-columns-is-layout-9d6595d7 wp-block-columns-is-layout-flex\">\n<div class=\"wp-block-column is-layout-flow wp-block-column-is-layout-flow\">\n<h3 class=\"wp-block-heading\">What the audience sees? What is being broadcast?<\/h3>\n\n\n\n<p>The venue audience sees the speakers and their presentations at the venue as usual, but when a remote speaker joins, their live image is shown on the projector, along with their presentation. The online audience sees a seamless switch between the venue speakers and remote speakers.<\/p>\n<\/div>\n\n\n\n<div class=\"wp-block-column is-layout-flow wp-block-column-is-layout-flow\">\n<h3 class=\"wp-block-heading\">What do the remote speakers see while giving their presentation?<\/h3>\n\n\n\n<p>The remote speakers initially see the same video feed as the rest of the online audience and they can follow the presentations of other speakers, but when it's their turn, we send them a special return feed so they can view the audience and see their reactions.<\/p>\n<\/div>\n<\/div>\n\n\n\n<h3 class=\"wp-block-heading\">Can we charge tickets for viewing the stream?<\/h3>\n\n\n\n<p>Yes! We do not offer this service directly, but there are online ticketing services which we can integrate into our production. One of such services in our region is <a href=\"https:\/\/www.entrio.hr\/\">Entrio<\/a>. You can register your event on their website and send us the technical information that you receive from them so we can send our live stream to them.<\/p>\n\n\n\n<p><\/p>\n\n\n\n<h2 class=\"wp-block-heading\">Special audio-visual solutions<\/h2>\n\n\n\n<p>If you need a special technical solution, whether it's a temporary or permanent installation, feel free to contact us.<\/p>\n\n\n\n<p>Examples of special solutions:<\/p>\n\n\n\n<ol class=\"wp-block-list\">\n<li>Transmitting image and sound between two locations without any delay.<\/li>\n\n\n\n<li>Accesibility for the Deaf - providing a projection of live sign language interpretation or including the sign language interpreter as a picture-in-picture on the live stream. The interpreter doesn't need to be on location, we can do it remotely.<\/li>\n\n\n\n<li>Remote production - our technical room doesn't need to be in the same space. We can send you a package with the basic equipment that you can setup yourself, with our guidance. This can reduce production costs for events on remote locations.<\/li>\n<\/ol>\n\n\n\n<p><\/p>","protected":false},"excerpt":{"rendered":"<p>Live streaming Snimamo i prenosimo u\u017eivo, s vi\u0161e kamera na platformu po va\u0161em izboru ili na vi\u0161e platformi istovremeno. Snimka prijenosa mo\u017ee biti dostupna online odmah nakon prijenosa, te se mo\u017ee premotavati snimka tijekom samog prijenosa, \u010dime se pove\u0107ava reach prema publici koja se nije stigla uklju\u010diti na vrijeme. Te opcije mo\u017eemo i isklju\u010diti ako &hellip; <a href=\"https:\/\/litprodukcija.com\/en\/usluge\/\" class=\"more-link\">Continue reading <span class=\"screen-reader-text\">Services<\/span> <span class=\"meta-nav\">&rarr;<\/span><\/a><\/p>","protected":false},"author":2,"featured_media":0,"parent":0,"menu_order":0,"comment_status":"closed","ping_status":"closed","template":"","meta":{"footnotes":""},"class_list":["post-304","page","type-page","status-publish","hentry"],"_links":{"self":[{"href":"https:\/\/litprodukcija.com\/en\/wp-json\/wp\/v2\/pages\/304","targetHints":{"allow":["GET"]}}],"collection":[{"href":"https:\/\/litprodukcija.com\/en\/wp-json\/wp\/v2\/pages"}],"about":[{"href":"https:\/\/litprodukcija.com\/en\/wp-json\/wp\/v2\/types\/page"}],"author":[{"embeddable":true,"href":"https:\/\/litprodukcija.com\/en\/wp-json\/wp\/v2\/users\/2"}],"replies":[{"embeddable":true,"href":"https:\/\/litprodukcija.com\/en\/wp-json\/wp\/v2\/comments?post=304"}],"version-history":[{"count":47,"href":"https:\/\/litprodukcija.com\/en\/wp-json\/wp\/v2\/pages\/304\/revisions"}],"predecessor-version":[{"id":811,"href":"https:\/\/litprodukcija.com\/en\/wp-json\/wp\/v2\/pages\/304\/revisions\/811"}],"wp:attachment":[{"href":"https:\/\/litprodukcija.com\/en\/wp-json\/wp\/v2\/media?parent=304"}],"curies":[{"name":"wp","href":"https:\/\/api.w.org\/{rel}","templated":true}]}}