{"id":8,"date":"2021-01-12T14:24:46","date_gmt":"2021-01-12T14:24:46","guid":{"rendered":"https:\/\/litprodukcija.wordpress.com\/?page_id=7"},"modified":"2025-06-13T13:54:14","modified_gmt":"2025-06-13T11:54:14","slug":"contact","status":"publish","type":"page","link":"https:\/\/litprodukcija.com\/en\/contact\/","title":{"rendered":"Contact \/ Request quote"},"content":{"rendered":"<hr class=\"wp-block-separator has-css-opacity\"\/>\n\n\n\n<div class=\"wp-block-jetpack-layout-grid alignfull column1-desktop-grid__span-9 column1-desktop-grid__row-1 column2-desktop-grid__span-3 column2-desktop-grid__start-10 column2-desktop-grid__row-1 column1-tablet-grid__span-4 column1-tablet-grid__row-1 column2-tablet-grid__span-4 column2-tablet-grid__start-5 column2-tablet-grid__row-1 column1-mobile-grid__span-4 column1-mobile-grid__row-1 column2-mobile-grid__span-4 column2-mobile-grid__row-2\">\n<div class=\"wp-block-jetpack-layout-grid-column wp-block-jetpack-layout-grid__padding-none\">\n<p class=\"has-medium-font-size\"><strong>About us<\/strong><\/p>\n\n\n\n<p><strong>Lit Produkcija, obrt za audiovizualnu produkciju<\/strong><br>Nudimo usluge snimanja i live prijenosa koncerata, predstava, konferencija, razgovora i drugih doga\u0111aja u\u017eivo, kao i tehni\u010dku realizaciju konferencija i hibridnih doga\u0111aja.<\/p>\n\n\n\n<p>Na\u0161e usluge su dostupne na prostoru cijele Hrvatske i u zemljama regije.<\/p>\n\n\n\n<p>Primjere na\u0161eg rada <a href=\"http:\/\/litprodukcija.com\/en\/radovi\/\">mo\u017eete vidjeti ovdje<\/a>.<\/p>\n\n\n\n<p class=\"has-medium-font-size\"><strong>Kontakt<\/strong><\/p>\n\n\n\n<p class=\"has-text-align-center\">E-mail: <a href=\"mailto:info@litprodukcija.com\">info@litprodukcija.com<\/a><\/p>\n\n\n\n<p>Slobodno nas kontaktirajte za sve informacije o na\u0161im uslugama! Ukratko nam opi\u0161ite kakav doga\u0111aj pripremate, a mi \u0107emo vam se javiti sa neobvezuju\u0107om ponudom ili razli\u010ditim mogu\u0107nostima koje bi vas mogle interesirati.<\/p>\n\n\n\n<p>Po\u0161aljite nam mail ili poruku::<\/p>\n\n\n\n<div class=\"wp-block-buttons is-horizontal is-content-justification-center is-layout-flex wp-container-core-buttons-is-layout-499968f5 wp-block-buttons-is-layout-flex\">\n<div class=\"wp-block-button has-custom-width wp-block-button__width-50\"><a class=\"wp-block-button__link has-white-color has-vivid-purple-background-color has-text-color has-background wp-element-button\" href=\"mailto:info@litprodukcija.com\"> E-MAIL <\/a><\/div>\n<\/div>\n\n\n\n<div style=\"height:12px\" aria-hidden=\"true\" class=\"wp-block-spacer\"><\/div>\n\n\n\n<div class=\"wp-block-buttons is-horizontal is-content-justification-center is-layout-flex wp-container-core-buttons-is-layout-499968f5 wp-block-buttons-is-layout-flex\">\n<div class=\"wp-block-button has-custom-width wp-block-button__width-50\"><a class=\"wp-block-button__link wp-element-button\" href=\"sms:+385981977065\">SMS<\/a><\/div>\n<\/div>\n\n\n\n<p><\/p>\n\n\n\n<p>Ako niste sigurni koje usluge su vam potrebne, mo\u017eete ispuniti na\u0161 upitnik koji \u0107e vam postaviti neka pitanja i pomo\u0107i vam definirati va\u0161e tehni\u010dke potrebe:<\/p>\n\n\n\n<div class=\"wp-block-buttons is-horizontal is-content-justification-center is-layout-flex wp-container-core-buttons-is-layout-499968f5 wp-block-buttons-is-layout-flex\">\n<div class=\"wp-block-button has-custom-width wp-block-button__width-75\"><a class=\"wp-block-button__link wp-element-button\" href=\"http:\/\/litprodukcija.com\/en\/upitnik\/\" target=\"_blank\" rel=\"noopener\">idi na kontakt upitnik<\/a><\/div>\n<\/div>\n\n\n\n<p><\/p>\n<\/div>\n\n\n\n<div class=\"wp-block-jetpack-layout-grid-column wp-block-jetpack-layout-grid__padding-none\"><div class=\"wp-block-image is-resized is-style-rounded\">\n<figure class=\"aligncenter size-large\"><img loading=\"lazy\" decoding=\"async\" width=\"1200\" height=\"1200\" src=\"http:\/\/litprodukcija.com\/\/wp-content\/uploads\/2021\/01\/litprodukcija-logo-1.png?w=700\" alt=\"\" class=\"wp-image-37\" srcset=\"https:\/\/litprodukcija.com\/wp-content\/uploads\/2021\/01\/litprodukcija-logo-1.png 1200w, https:\/\/litprodukcija.com\/wp-content\/uploads\/2021\/01\/litprodukcija-logo-1-300x300.png 300w, https:\/\/litprodukcija.com\/wp-content\/uploads\/2021\/01\/litprodukcija-logo-1-1024x1024.png 1024w, https:\/\/litprodukcija.com\/wp-content\/uploads\/2021\/01\/litprodukcija-logo-1-150x150.png 150w, https:\/\/litprodukcija.com\/wp-content\/uploads\/2021\/01\/litprodukcija-logo-1-768x768.png 768w\" sizes=\"auto, (max-width: 1200px) 100vw, 1200px\" \/><\/figure>\n<\/div><\/div>\n<\/div>\n\n\n\n<p><\/p>","protected":false},"excerpt":{"rendered":"<p>O nama Lit Produkcija, obrt za audiovizualnu produkcijuNudimo usluge snimanja i live prijenosa koncerata, predstava, konferencija, razgovora i drugih doga\u0111aja u\u017eivo, kao i tehni\u010dku realizaciju konferencija i hibridnih doga\u0111aja. Na\u0161e usluge su dostupne na prostoru cijele Hrvatske i u zemljama regije. Primjere na\u0161eg rada mo\u017eete vidjeti ovdje. Kontakt E-mail: info@litprodukcija.com Slobodno nas kontaktirajte za sve &hellip; <a href=\"https:\/\/litprodukcija.com\/en\/contact\/\" class=\"more-link\">Continue reading <span class=\"screen-reader-text\">Contact \/ Request quote<\/span> <span class=\"meta-nav\">&rarr;<\/span><\/a><\/p>","protected":false},"author":2,"featured_media":0,"parent":0,"menu_order":0,"comment_status":"closed","ping_status":"closed","template":"","meta":{"footnotes":""},"class_list":["post-8","page","type-page","status-publish","hentry"],"_links":{"self":[{"href":"https:\/\/litprodukcija.com\/en\/wp-json\/wp\/v2\/pages\/8","targetHints":{"allow":["GET"]}}],"collection":[{"href":"https:\/\/litprodukcija.com\/en\/wp-json\/wp\/v2\/pages"}],"about":[{"href":"https:\/\/litprodukcija.com\/en\/wp-json\/wp\/v2\/types\/page"}],"author":[{"embeddable":true,"href":"https:\/\/litprodukcija.com\/en\/wp-json\/wp\/v2\/users\/2"}],"replies":[{"embeddable":true,"href":"https:\/\/litprodukcija.com\/en\/wp-json\/wp\/v2\/comments?post=8"}],"version-history":[{"count":13,"href":"https:\/\/litprodukcija.com\/en\/wp-json\/wp\/v2\/pages\/8\/revisions"}],"predecessor-version":[{"id":864,"href":"https:\/\/litprodukcija.com\/en\/wp-json\/wp\/v2\/pages\/8\/revisions\/864"}],"wp:attachment":[{"href":"https:\/\/litprodukcija.com\/en\/wp-json\/wp\/v2\/media?parent=8"}],"curies":[{"name":"wp","href":"https:\/\/api.w.org\/{rel}","templated":true}]}}